{"id":58,"date":"2015-02-23T21:57:14","date_gmt":"2015-02-23T19:57:14","guid":{"rendered":"http:\/\/i4u.lt\/?page_id=58"},"modified":"2019-09-08T18:06:37","modified_gmt":"2019-09-08T16:06:37","slug":"apie","status":"publish","type":"page","link":"https:\/\/i4u.lt\/?page_id=58","title":{"rendered":"apie mane"},"content":{"rendered":"<p style=\"text-align: center;\">\n<p>Gyvenu Vilniuje, ta\u010diau fotografija nune\u0161a mane \u012f tolimiausias pasaulio vietas. Esu fotografav\u0119s \u012fvairius projektus Vakar\u0173 Europos sostin\u0117se ir piet\u0173 kurortuose, JAV didmies\u010diuose, Azijoje bei tolimose Pranc\u016bzijos Polinezijos salose.<\/p>\n<p>Specializuojuosi maisto ir gyvenimo b\u016bdo fotografijoje. Dirbu su did\u017eiausiais Lietuvos picerij\u0173, maitinimo \u012fstaig\u0173 tinklais, populiariais moderniais restoranais, desert\u0173 ir \u0161okolado gamintojais.<br \/>\nNuo 2017 met\u0173 pasiry\u017eau\u00a0savo asmeniniam maisto fotografijos projektui \u201e52 kartai\u201c. <a href=\"http:\/\/www.52kartai.lt\" target=\"new\" rel=\"noopener noreferrer\">Apsilankykite!<\/a><\/p>\n<p><strong>Mano kurtas nuotraukas galite rasti:<\/strong><br \/>\nAsmeniniame projekte <strong>&#8220;52kartai&#8221;<\/strong><br \/>\nAsmenin\u0117je knygoje <strong>&#8220;52kartai&#8221;<\/strong><br \/>\nKnygoje <strong>&#8220;Balansas&#8221;<\/strong>. Skanaus maisto ir sveikos gyvensenos id\u0117jos aktyviems \u017emon\u0117ms.<br \/>\nKnygoje <strong>\u201c7 ingredientai\u201d<\/strong> (geriausia kulinarin\u0117 knyga Lietuvoje ir antra geriausia kulinarine knyga Ryt\u0173 Europoje \u2013 tarptautiniai apdovanojimai \u201eGourmand World Cookbook Awards 2013\u201c)<br \/>\nKnygoje <strong>\u201c7 ingredientai. Draugams\u201d<\/strong><br \/>\nKnygoje <strong>&#8220;7 ingredientai. Vaikams&#8221;<\/strong><br \/>\nKulinariniame \u017eurnale <strong>\u201cVMG\u201d Nr.1 &#8211; Nr.9<\/strong> (geriausias pasaulyje kulinarinis \u017eurnalas \u2013 tarptautiniai apdovanojimai \u201eWorld Gourmand Cookbook Awards 2014&#8243;, \u201eWorld Gourmand Cookbook Awards 2015&#8243; ir \u201eWorld Gourmand Cookbook Awards 2016&#8243;)<br \/>\nKnygoje <strong>\u201cVMG mokykla. Kulinarinis vadov\u0117lis\u201d<\/strong><br \/>\nKnygoje <strong>\u201c7 VMG sezonai\u201d<\/strong><br \/>\n\u017durnaluose \u201eVestuv\u0117s.lt\u201c, \u201cSantuoka\u201d, \u201cVirtuv\u0117 Nuo&#8230; Iki&#8230;\u201d, &#8220;Tek\u0117k\/u\u017e man\u0119s&#8221;<\/p>\n<p>Esu prisid\u0117j\u0119s ir filmav\u0119s maist\u0105 televiziniams\/interneto projektams: VMG laidos TV3, Delfi TV, Lrytas TV, Tiesiogin\u0117s transliacijos; 2015 rudens sezonas su Ali Gad\u017eijevu ir GARDU GARDU, 2016 rudens sezonas su Deivydu Praspaliausku ir GARDU GARDU, 2015 met\u0173 internetiniai video gardugardu.lt svetainei.<br \/>\nNuo 2010 m. esu did\u017eiausio Lietuvoje festivalio \u201cKino pavasaris\u201d oficialus fotografas, fotografuoju renginius, pristatymus, kuriu specialius projektus \u2013 parodas.<br \/>\n2015 -2018 metais d\u0117s\u010diau fotografijos Kauno Vieno\u017einskio kolegijoje fotografijos katedroje.<\/p>\n<p>Dirbu su profesionalia &#8220;Canon&#8221; \u012franga, naudoju tik fiksuoto \u017eidinio &#8220;Canon&#8221; L, Carl Zeiss Otus ir Schneider serijos objektyvus. Turiu tiek ne\u0161iojam\u0105, tiek studijin\u0119 &#8220;Elinchrom&#8221; ir &#8220;Profoto&#8221; ap\u0161vietimo \u012frang\u0105. Dirbu studijoje, taip pat su studijine \u012franga galiu fotografuoti lauko s\u0105lygomis, kelion\u0117se, klient\u0173 patalpose, restoranuose ir pan.<\/p>\n","protected":false},"excerpt":{"rendered":"<p>Gyvenu Vilniuje, ta\u010diau fotografija nune\u0161a mane \u012f tolimiausias pasaulio vietas. Esu fotografav\u0119s \u012fvairius projektus Vakar\u0173 Europos sostin\u0117se ir piet\u0173 kurortuose, JAV didmies\u010diuose, Azijoje bei tolimose Pranc\u016bzijos Polinezijos salose. Specializuojuosi maisto ir gyvenimo b\u016bdo fotografijoje. Dirbu su did\u017eiausiais Lietuvos picerij\u0173, maitinimo \u012fstaig\u0173 tinklais, populiariais moderniais restoranais, desert\u0173 ir \u0161okolado gamintojais. Nuo 2017 met\u0173 pasiry\u017eau\u00a0savo asmeniniam maisto [&hellip;]<\/p>\n","protected":false},"author":1,"featured_media":861,"parent":0,"menu_order":9,"comment_status":"closed","ping_status":"open","template":"","meta":{"footnotes":""},"class_list":["post-58","page","type-page","status-publish","has-post-thumbnail","hentry"],"_links":{"self":[{"href":"https:\/\/i4u.lt\/index.php?rest_route=\/wp\/v2\/pages\/58"}],"collection":[{"href":"https:\/\/i4u.lt\/index.php?rest_route=\/wp\/v2\/pages"}],"about":[{"href":"https:\/\/i4u.lt\/index.php?rest_route=\/wp\/v2\/types\/page"}],"author":[{"embeddable":true,"href":"https:\/\/i4u.lt\/index.php?rest_route=\/wp\/v2\/users\/1"}],"replies":[{"embeddable":true,"href":"https:\/\/i4u.lt\/index.php?rest_route=%2Fwp%2Fv2%2Fcomments&post=58"}],"version-history":[{"count":138,"href":"https:\/\/i4u.lt\/index.php?rest_route=\/wp\/v2\/pages\/58\/revisions"}],"predecessor-version":[{"id":1212,"href":"https:\/\/i4u.lt\/index.php?rest_route=\/wp\/v2\/pages\/58\/revisions\/1212"}],"wp:featuredmedia":[{"embeddable":true,"href":"https:\/\/i4u.lt\/index.php?rest_route=\/wp\/v2\/media\/861"}],"wp:attachment":[{"href":"https:\/\/i4u.lt\/index.php?rest_route=%2Fwp%2Fv2%2Fmedia&parent=58"}],"curies":[{"name":"wp","href":"https:\/\/api.w.org\/{rel}","templated":true}]}}